{"id":173,"date":"2021-07-02T19:26:08","date_gmt":"2021-07-02T17:26:08","guid":{"rendered":"https:\/\/www.sambrobrewers.be\/?post_type=product&#038;p=173"},"modified":"2023-05-29T13:19:44","modified_gmt":"2023-05-29T11:19:44","slug":"elaborez-votre-propre-biere","status":"publish","type":"product","link":"https:\/\/www.sambrobrewers.be\/nl\/product\/elaborez-votre-propre-biere\/","title":{"rendered":"Maak je eigen bier"},"content":{"rendered":"<p><span class=\"e4WLr\">Brassez votre propre bi\u00e8re avec notre aide pour vos \u00e9v\u00e8nements (mariage, naissance, club de sport,&#8230;) Minimum deux mois avant, nous discutons durant une r\u00e9union de votre recette. Ensuite, nous brassons ensemble 100 litres du fin breuvage. Deux semaines apr\u00e8s, nous embouteillons afin que votre bi\u00e8re soit pr\u00eate la semaine d&rsquo;apr\u00e8s. Tout est compris dans le prix sauf TVA, \u00e9tiquette et mati\u00e8res premi\u00e8res sp\u00e9cifiques.<\/span><\/p>","protected":false},"excerpt":{"rendered":"<p>Kom bij ons uw bier brouwen voor uw evenementen.<\/p>\n<div class=\"_16ksN\">\n<div class=\"_15drF lddYb\" data-hook=\"root\">\n<div class=\"_1NIFQ\" data-hook=\"first-quantity\"><span data-hook=\"duration\" aria-label=\"7 uur\">7 uur - <\/span>1,95\u20ac\/0,33L<\/div>\n<\/div>\n<\/div>","protected":false},"featured_media":548,"template":"","meta":{"_et_pb_use_builder":"","_et_pb_old_content":"","_et_gb_content_width":""},"product_brand":[],"product_cat":[19],"product_tag":[],"class_list":{"0":"post-173","1":"product","2":"type-product","3":"status-publish","4":"has-post-thumbnail","6":"product_cat-services","8":"first","9":"outofstock","10":"virtual","11":"product-type-simple"},"jetpack_sharing_enabled":true,"tiered_pricing_type":"fixed","tiered_pricing_fixed_rules":[],"tiered_pricing_product_settings":{"layout":"default","base_unit_name":{"singular":null,"plural":null},"default_variation":null},"tiered_pricing_minimum_quantity":null,"tiered_pricing_roles_data":[],"tiered_pricing_percentage_rules":[],"_links":{"self":[{"href":"https:\/\/www.sambrobrewers.be\/nl\/wp-json\/wp\/v2\/product\/173","targetHints":{"allow":["GET"]}}],"collection":[{"href":"https:\/\/www.sambrobrewers.be\/nl\/wp-json\/wp\/v2\/product"}],"about":[{"href":"https:\/\/www.sambrobrewers.be\/nl\/wp-json\/wp\/v2\/types\/product"}],"wp:featuredmedia":[{"embeddable":true,"href":"https:\/\/www.sambrobrewers.be\/nl\/wp-json\/wp\/v2\/media\/548"}],"wp:attachment":[{"href":"https:\/\/www.sambrobrewers.be\/nl\/wp-json\/wp\/v2\/media?parent=173"}],"wp:term":[{"taxonomy":"product_brand","embeddable":true,"href":"https:\/\/www.sambrobrewers.be\/nl\/wp-json\/wp\/v2\/product_brand?post=173"},{"taxonomy":"product_cat","embeddable":true,"href":"https:\/\/www.sambrobrewers.be\/nl\/wp-json\/wp\/v2\/product_cat?post=173"},{"taxonomy":"product_tag","embeddable":true,"href":"https:\/\/www.sambrobrewers.be\/nl\/wp-json\/wp\/v2\/product_tag?post=173"}],"curies":[{"name":"wp","href":"https:\/\/api.w.org\/{rel}","templated":true}]}}