{"id":2,"date":"2021-06-12T10:56:30","date_gmt":"2021-06-12T08:56:30","guid":{"rendered":"http:\/\/aventuraweb.be\/sambro\/?page_id=2"},"modified":"2021-06-12T10:56:30","modified_gmt":"2021-06-12T08:56:30","slug":"page-d-exemple","status":"publish","type":"page","link":"https:\/\/www.sambrobrewers.be\/nl\/page-d-exemple\/","title":{"rendered":"Voorbeeld pagina"},"content":{"rendered":"<p>Dit is een voorbeeldpagina. Het is anders dan een blogbericht omdat het op \u00e9\u00e9n plaats blijft en wordt weergegeven in de navigatie van uw site (in de meeste thema&#039;s). De meeste mensen beginnen met een &#039;Over&#039;-pagina die hen voorstelt aan mensen die de site bezoeken. Het zou er ongeveer zo uit kunnen zien:<\/p>\n\n\n\n<blockquote class=\"wp-block-quote is-layout-flow wp-block-quote-is-layout-flow\"><p>Hallo ! Ik ben een monteur die acteur wil worden, en hier is mijn site. Ik woon in Bordeaux, heb een geweldige hond genaamd Russell, en ben dol op wodka (en word ook verrast door plotselinge regen tijdens lange strandwandelingen bij zonsondergang).<\/p><\/blockquote>\n\n\n\n<p>\u2026of iets zoals dit:<\/p>\n\n\n\n<blockquote class=\"wp-block-quote is-layout-flow wp-block-quote-is-layout-flow\"><p>Het bedrijf 123 Machin Truc werd opgericht in 1971 en biedt sindsdien kwaliteitsgadgets aan het publiek aan. 123 Machin Truc, gevestigd in Saint-Remy-en-Bouzemont-Saint-Genest-et-Isson, stelt 2.000 mensen tewerk en produceert allerlei geweldige gadgets voor de Bouzemont-gemeenschap.<\/p><\/blockquote>\n\n\n\n<p>Ga als nieuwe WordPress-gebruiker naar <a href=\"http:\/\/aventuraweb.be\/sambro\/wp-admin\/\">uw dashboard<\/a> om deze pagina te verwijderen en nieuwe pagina&#039;s voor uw inhoud te maken. Veel plezier !<\/p>","protected":false},"excerpt":{"rendered":"<p>Ceci est une page d\u2019exemple. C\u2019est diff\u00e9rent d\u2019un article de blog parce qu\u2019elle restera au m\u00eame endroit et appara\u00eetra dans la navigation de votre site (dans la plupart des th\u00e8mes). La plupart des gens commencent par une page \u00ab\u00a0\u00c0 propos\u00a0\u00bb qui les pr\u00e9sente aux personnes visitant du site. Cela pourrait ressembler \u00e0 quelque chose comme [&hellip;]<\/p>\n","protected":false},"author":1,"featured_media":0,"parent":0,"menu_order":0,"comment_status":"closed","ping_status":"open","template":"","meta":{"_et_pb_use_builder":"","_et_pb_old_content":"","_et_gb_content_width":"","footnotes":""},"class_list":["post-2","page","type-page","status-publish","hentry"],"jetpack_sharing_enabled":true,"_links":{"self":[{"href":"https:\/\/www.sambrobrewers.be\/nl\/wp-json\/wp\/v2\/pages\/2","targetHints":{"allow":["GET"]}}],"collection":[{"href":"https:\/\/www.sambrobrewers.be\/nl\/wp-json\/wp\/v2\/pages"}],"about":[{"href":"https:\/\/www.sambrobrewers.be\/nl\/wp-json\/wp\/v2\/types\/page"}],"author":[{"embeddable":true,"href":"https:\/\/www.sambrobrewers.be\/nl\/wp-json\/wp\/v2\/users\/1"}],"replies":[{"embeddable":true,"href":"https:\/\/www.sambrobrewers.be\/nl\/wp-json\/wp\/v2\/comments?post=2"}],"version-history":[{"count":0,"href":"https:\/\/www.sambrobrewers.be\/nl\/wp-json\/wp\/v2\/pages\/2\/revisions"}],"wp:attachment":[{"href":"https:\/\/www.sambrobrewers.be\/nl\/wp-json\/wp\/v2\/media?parent=2"}],"curies":[{"name":"wp","href":"https:\/\/api.w.org\/{rel}","templated":true}]}}